{"id":3918,"date":"2025-11-28T10:17:17","date_gmt":"2025-11-28T10:17:17","guid":{"rendered":"https:\/\/pzik.com\/?post_type=product&#038;p=3918"},"modified":"2025-11-28T10:19:08","modified_gmt":"2025-11-28T10:19:08","slug":"mieng-dan-lo-chan-long-mui-huu-co-khong-mui-khong-chua-huong-lieu-chiet-xuat-lo-hoi-va-than-hoat-tinh-giup-lam-sach-sau-va-loai-bo-mun-dau-den","status":"publish","type":"product","link":"https:\/\/pzik.com\/vi\/product\/vegan-fragrance-free-organic-nose-pore-mask-strips-aloe-vera-charcoal-for-deep-cleansing-blackhead-removal\/","title":{"rendered":"Mi\u1ebfng d\u00e1n l\u1ed7 ch\u00e2n l\u00f4ng m\u0169i h\u1eefu c\u01a1 kh\u00f4ng m\u00f9i, kh\u00f4ng ch\u1ee9a h\u01b0\u01a1ng li\u1ec7u, chi\u1ebft xu\u1ea5t l\u00f4 h\u1ed9i v\u00e0 than ho\u1ea1t t\u00ednh cho vi\u1ec7c l\u00e0m s\u1ea1ch s\u00e2u v\u00e0 lo\u1ea1i b\u1ecf m\u1ee5n \u0111\u1ea7u \u0111en."},"content":{"rendered":"<div data-elementor-type=\"wp-post\" data-elementor-id=\"3918\" class=\"elementor elementor-3918\" data-elementor-post-type=\"product\">\n\t\t\t\t\t\t<section class=\"elementor-section elementor-top-section elementor-element elementor-element-6b157f7b elementor-section-stretched elementor-section-boxed elementor-section-height-default elementor-section-height-default\" data-id=\"6b157f7b\" data-element_type=\"section\" data-e-type=\"section\" id=\"price-4\" data-settings=\"{&quot;stretch_section&quot;:&quot;section-stretched&quot;}\">\n\t\t\t\t\t\t<div class=\"elementor-container elementor-column-gap-no\">\n\t\t\t\t\t<div class=\"elementor-column elementor-col-50 elementor-top-column elementor-element elementor-element-3833ecee elementor-invisible\" data-id=\"3833ecee\" data-element_type=\"column\" data-e-type=\"column\" data-settings=\"{&quot;animation&quot;:&quot;fadeInLeft&quot;}\">\n\t\t\t<div class=\"elementor-widget-wrap elementor-element-populated\">\n\t\t\t\t\t\t<div class=\"elementor-element elementor-element-3f3120b8 border-bottom elementor-widget elementor-widget-heading\" data-id=\"3f3120b8\" data-element_type=\"widget\" data-e-type=\"widget\" data-widget_type=\"heading.default\">\n\t\t\t\t\t<h2 class=\"elementor-heading-title elementor-size-default\">Gi\u00e1<\/h2>\t\t\t\t<\/div>\n\t\t\t\t\t<\/div>\n\t\t<\/div>\n\t\t\t\t<div class=\"elementor-column elementor-col-50 elementor-top-column elementor-element elementor-element-192c28da elementor-invisible\" data-id=\"192c28da\" data-element_type=\"column\" data-e-type=\"column\" data-settings=\"{&quot;animation&quot;:&quot;fadeInRight&quot;}\">\n\t\t\t<div class=\"elementor-widget-wrap elementor-element-populated\">\n\t\t\t\t\t\t<div class=\"elementor-element elementor-element-2a004560 elementor-widget elementor-widget-image\" data-id=\"2a004560\" data-element_type=\"widget\" data-e-type=\"widget\" data-widget_type=\"image.default\">\n\t\t\t\t\t\t\t\t\t\t\t\t\t\t\t<img loading=\"lazy\" decoding=\"async\" width=\"68\" height=\"68\" src=\"https:\/\/pzik.com\/wp-content\/uploads\/2025\/11\/three.png\" class=\"attachment-full size-full wp-image-2319\" alt=\"\" srcset=\"https:\/\/pzik.com\/wp-content\/uploads\/2025\/11\/three.png 68w, https:\/\/pzik.com\/wp-content\/uploads\/2025\/11\/three-12x12.png 12w, https:\/\/pzik.com\/wp-content\/uploads\/2025\/11\/three-1x1.png 1w, https:\/\/pzik.com\/wp-content\/uploads\/2025\/11\/three-10x10.png 10w\" sizes=\"auto, (max-width: 68px) 100vw, 68px\" \/>\t\t\t\t\t\t\t\t\t\t\t\t\t\t\t<\/div>\n\t\t\t\t\t<\/div>\n\t\t<\/div>\n\t\t\t\t\t<\/div>\n\t\t<\/section>\n\t\t\t\t<section class=\"elementor-section elementor-top-section elementor-element elementor-element-43ceadb5 elementor-section-content-middle elementor-section-stretched elementor-section-boxed elementor-section-height-default elementor-section-height-default elementor-invisible\" data-id=\"43ceadb5\" data-element_type=\"section\" data-e-type=\"section\" data-settings=\"{&quot;animation&quot;:&quot;fadeInUp&quot;,&quot;stretch_section&quot;:&quot;section-stretched&quot;}\">\n\t\t\t\t\t\t<div class=\"elementor-container elementor-column-gap-no\">\n\t\t\t\t\t<div class=\"elementor-column elementor-col-50 elementor-top-column elementor-element elementor-element-5f74b219\" data-id=\"5f74b219\" data-element_type=\"column\" data-e-type=\"column\">\n\t\t\t<div class=\"elementor-widget-wrap elementor-element-populated\">\n\t\t\t\t\t\t<div class=\"elementor-element elementor-element-343913e4 elementor-widget elementor-widget-heading\" data-id=\"343913e4\" data-element_type=\"widget\" data-e-type=\"widget\" data-widget_type=\"heading.default\">\n\t\t\t\t\t<h2 class=\"elementor-heading-title elementor-size-default\">S\u1ed1 l\u01b0\u1ee3ng \u0111\u1eb7t h\u00e0ng t\u1ed1i thi\u1ec3u (MOQ): 1.000 h\u1ed9p <\/h2>\t\t\t\t<\/div>\n\t\t\t\t<div class=\"elementor-element elementor-element-36235428 elementor-widget elementor-widget-text-editor\" data-id=\"36235428\" data-element_type=\"widget\" data-e-type=\"widget\" data-widget_type=\"text-editor.default\">\n\t\t\t\t\t\t\t\t\t<p>EXW: Gi\u00e1 EXW ch\u1ec9 bao g\u1ed3m gi\u00e1 h\u00e0ng h\u00f3a c\u1ee7a ng\u01b0\u1eddi b\u00e1n v\u00e0 kh\u00f4ng bao g\u1ed3m c\u00e1c chi ph\u00ed v\u1eadn chuy\u1ec3n, ph\u00ed b\u1ea3o hi\u1ec3m, thu\u1ebf h\u1ea3i quan, v.v.<\/p>\t\t\t\t\t\t\t\t<\/div>\n\t\t\t\t<section class=\"elementor-section elementor-inner-section elementor-element elementor-element-6aadbae3 elementor-section-content-middle elementor-section-boxed elementor-section-height-default elementor-section-height-default\" data-id=\"6aadbae3\" data-element_type=\"section\" data-e-type=\"section\">\n\t\t\t\t\t\t<div class=\"elementor-container elementor-column-gap-no\">\n\t\t\t\t\t<div class=\"elementor-column elementor-col-50 elementor-inner-column elementor-element elementor-element-33e2160d\" data-id=\"33e2160d\" data-element_type=\"column\" data-e-type=\"column\">\n\t\t\t<div class=\"elementor-widget-wrap elementor-element-populated\">\n\t\t\t\t\t\t<div class=\"elementor-element elementor-element-7e1076ab elementor-widget elementor-widget-heading\" data-id=\"7e1076ab\" data-element_type=\"widget\" data-e-type=\"widget\" data-widget_type=\"heading.default\">\n\t\t\t\t\t<h2 class=\"elementor-heading-title elementor-size-default\">1.000 - 4.999 h\u1ed9p<\/h2>\t\t\t\t<\/div>\n\t\t\t\t\t<\/div>\n\t\t<\/div>\n\t\t\t\t<div class=\"elementor-column elementor-col-50 elementor-inner-column elementor-element elementor-element-116bb177\" data-id=\"116bb177\" data-element_type=\"column\" data-e-type=\"column\">\n\t\t\t<div class=\"elementor-widget-wrap elementor-element-populated\">\n\t\t\t\t\t\t<div class=\"elementor-element elementor-element-58df7b90 elementor-widget elementor-widget-heading\" data-id=\"58df7b90\" data-element_type=\"widget\" data-e-type=\"widget\" data-widget_type=\"heading.default\">\n\t\t\t\t\t<h2 class=\"elementor-heading-title elementor-size-default\">0.7 $<\/h2>\t\t\t\t<\/div>\n\t\t\t\t\t<\/div>\n\t\t<\/div>\n\t\t\t\t\t<\/div>\n\t\t<\/section>\n\t\t\t\t<section class=\"elementor-section elementor-inner-section elementor-element elementor-element-67ad7033 elementor-section-content-middle elementor-section-boxed elementor-section-height-default elementor-section-height-default\" data-id=\"67ad7033\" data-element_type=\"section\" data-e-type=\"section\">\n\t\t\t\t\t\t<div class=\"elementor-container elementor-column-gap-no\">\n\t\t\t\t\t<div class=\"elementor-column elementor-col-50 elementor-inner-column elementor-element elementor-element-75a895de\" data-id=\"75a895de\" data-element_type=\"column\" data-e-type=\"column\">\n\t\t\t<div class=\"elementor-widget-wrap elementor-element-populated\">\n\t\t\t\t\t\t<div class=\"elementor-element elementor-element-6b07c271 elementor-widget elementor-widget-heading\" data-id=\"6b07c271\" data-element_type=\"widget\" data-e-type=\"widget\" data-widget_type=\"heading.default\">\n\t\t\t\t\t<h2 class=\"elementor-heading-title elementor-size-default\">5.000 - 9.999 h\u1ed9p<\/h2>\t\t\t\t<\/div>\n\t\t\t\t\t<\/div>\n\t\t<\/div>\n\t\t\t\t<div class=\"elementor-column elementor-col-50 elementor-inner-column elementor-element elementor-element-610e2f38\" data-id=\"610e2f38\" data-element_type=\"column\" data-e-type=\"column\">\n\t\t\t<div class=\"elementor-widget-wrap elementor-element-populated\">\n\t\t\t\t\t\t<div class=\"elementor-element elementor-element-2427c210 elementor-widget elementor-widget-heading\" data-id=\"2427c210\" data-element_type=\"widget\" data-e-type=\"widget\" data-widget_type=\"heading.default\">\n\t\t\t\t\t<h2 class=\"elementor-heading-title elementor-size-default\">0.65 $<\/h2>\t\t\t\t<\/div>\n\t\t\t\t\t<\/div>\n\t\t<\/div>\n\t\t\t\t\t<\/div>\n\t\t<\/section>\n\t\t\t\t<section class=\"elementor-section elementor-inner-section elementor-element elementor-element-3ea75f95 elementor-section-content-middle elementor-section-boxed elementor-section-height-default elementor-section-height-default\" data-id=\"3ea75f95\" data-element_type=\"section\" data-e-type=\"section\">\n\t\t\t\t\t\t<div class=\"elementor-container elementor-column-gap-no\">\n\t\t\t\t\t<div class=\"elementor-column elementor-col-50 elementor-inner-column elementor-element elementor-element-5837ec58\" data-id=\"5837ec58\" data-element_type=\"column\" data-e-type=\"column\">\n\t\t\t<div class=\"elementor-widget-wrap elementor-element-populated\">\n\t\t\t\t\t\t<div class=\"elementor-element elementor-element-b188c8c elementor-widget elementor-widget-heading\" data-id=\"b188c8c\" data-element_type=\"widget\" data-e-type=\"widget\" data-widget_type=\"heading.default\">\n\t\t\t\t\t<h2 class=\"elementor-heading-title elementor-size-default\">\u2265 10.000 h\u1ed9p<\/h2>\t\t\t\t<\/div>\n\t\t\t\t\t<\/div>\n\t\t<\/div>\n\t\t\t\t<div class=\"elementor-column elementor-col-50 elementor-inner-column elementor-element elementor-element-3b5424cc\" data-id=\"3b5424cc\" data-element_type=\"column\" data-e-type=\"column\">\n\t\t\t<div class=\"elementor-widget-wrap elementor-element-populated\">\n\t\t\t\t\t\t<div class=\"elementor-element elementor-element-431702b2 elementor-widget elementor-widget-heading\" data-id=\"431702b2\" data-element_type=\"widget\" data-e-type=\"widget\" data-widget_type=\"heading.default\">\n\t\t\t\t\t<h2 class=\"elementor-heading-title elementor-size-default\">0.6 $<\/h2>\t\t\t\t<\/div>\n\t\t\t\t\t<\/div>\n\t\t<\/div>\n\t\t\t\t\t<\/div>\n\t\t<\/section>\n\t\t\t\t<section class=\"elementor-section elementor-inner-section elementor-element elementor-element-3483366c elementor-section-boxed elementor-section-height-default elementor-section-height-default\" data-id=\"3483366c\" data-element_type=\"section\" data-e-type=\"section\">\n\t\t\t\t\t\t<div class=\"elementor-container elementor-column-gap-no\">\n\t\t\t\t\t<div class=\"elementor-column elementor-col-25 elementor-inner-column elementor-element elementor-element-39267821\" data-id=\"39267821\" data-element_type=\"column\" data-e-type=\"column\">\n\t\t\t<div class=\"elementor-widget-wrap elementor-element-populated\">\n\t\t\t\t\t\t<div class=\"elementor-element elementor-element-3d4f5993 elementor-widget elementor-widget-image-box\" data-id=\"3d4f5993\" data-element_type=\"widget\" data-e-type=\"widget\" data-widget_type=\"image-box.default\">\n\t\t\t\t\t<div class=\"elementor-image-box-wrapper\"><div class=\"elementor-image-box-content\"><h3 class=\"elementor-image-box-title\">60 x 41 x 36 cm<\/h3><p class=\"elementor-image-box-description\">K\u00edch th\u01b0\u1edbc th\u00f9ng carton<\/p><\/div><\/div>\t\t\t\t<\/div>\n\t\t\t\t\t<\/div>\n\t\t<\/div>\n\t\t\t\t<div class=\"elementor-column elementor-col-25 elementor-inner-column elementor-element elementor-element-5a5ca829\" data-id=\"5a5ca829\" data-element_type=\"column\" data-e-type=\"column\">\n\t\t\t<div class=\"elementor-widget-wrap elementor-element-populated\">\n\t\t\t\t\t\t<div class=\"elementor-element elementor-element-5d82a16f elementor-widget elementor-widget-image-box\" data-id=\"5d82a16f\" data-element_type=\"widget\" data-e-type=\"widget\" data-widget_type=\"image-box.default\">\n\t\t\t\t\t<div class=\"elementor-image-box-wrapper\"><div class=\"elementor-image-box-content\"><h3 class=\"elementor-image-box-title\">9,55 kg<\/h3><p class=\"elementor-image-box-description\">G.W m\u1ed7i th\u00f9ng carton<\/p><\/div><\/div>\t\t\t\t<\/div>\n\t\t\t\t\t<\/div>\n\t\t<\/div>\n\t\t\t\t<div class=\"elementor-column elementor-col-25 elementor-inner-column elementor-element elementor-element-2f6d52bf\" data-id=\"2f6d52bf\" data-element_type=\"column\" data-e-type=\"column\">\n\t\t\t<div class=\"elementor-widget-wrap elementor-element-populated\">\n\t\t\t\t\t\t<div class=\"elementor-element elementor-element-51ae63b4 elementor-widget elementor-widget-image-box\" data-id=\"51ae63b4\" data-element_type=\"widget\" data-e-type=\"widget\" data-widget_type=\"image-box.default\">\n\t\t\t\t\t<div class=\"elementor-image-box-wrapper\"><div class=\"elementor-image-box-content\"><h3 class=\"elementor-image-box-title\">100\/h\u1ed9p<\/h3><p class=\"elementor-image-box-description\">S\u1ed1 l\u01b0\u1ee3ng\/Th\u00f9ng<\/p><\/div><\/div>\t\t\t\t<\/div>\n\t\t\t\t\t<\/div>\n\t\t<\/div>\n\t\t\t\t<div class=\"elementor-column elementor-col-25 elementor-inner-column elementor-element elementor-element-2f7efcfd\" data-id=\"2f7efcfd\" data-element_type=\"column\" data-e-type=\"column\">\n\t\t\t<div class=\"elementor-widget-wrap elementor-element-populated\">\n\t\t\t\t\t\t<div class=\"elementor-element elementor-element-e5243c4 elementor-widget elementor-widget-image-box\" data-id=\"e5243c4\" data-element_type=\"widget\" data-e-type=\"widget\" data-widget_type=\"image-box.default\">\n\t\t\t\t\t<div class=\"elementor-image-box-wrapper\"><div class=\"elementor-image-box-content\"><h3 class=\"elementor-image-box-title\"> 3 n\u0103m<\/h3><p class=\"elementor-image-box-description\">Th\u1eddi h\u1ea1n s\u1eed d\u1ee5ng<\/p><\/div><\/div>\t\t\t\t<\/div>\n\t\t\t\t\t<\/div>\n\t\t<\/div>\n\t\t\t\t\t<\/div>\n\t\t<\/section>\n\t\t\t\t\t<\/div>\n\t\t<\/div>\n\t\t\t\t<div class=\"elementor-column elementor-col-50 elementor-top-column elementor-element elementor-element-202dbfba\" data-id=\"202dbfba\" data-element_type=\"column\" data-e-type=\"column\">\n\t\t\t<div class=\"elementor-widget-wrap elementor-element-populated\">\n\t\t\t\t\t\t<div class=\"elementor-element elementor-element-296dbe68 elementor-widget elementor-widget-image\" data-id=\"296dbe68\" data-element_type=\"widget\" data-e-type=\"widget\" data-widget_type=\"image.default\">\n\t\t\t\t\t\t\t\t\t\t\t\t\t\t\t<img loading=\"lazy\" decoding=\"async\" width=\"587\" height=\"538\" src=\"https:\/\/pzik.com\/wp-content\/uploads\/2023\/05\/packtransport.webp\" class=\"attachment-full size-full wp-image-2371\" alt=\"\" srcset=\"https:\/\/pzik.com\/wp-content\/uploads\/2023\/05\/packtransport.webp 587w, https:\/\/pzik.com\/wp-content\/uploads\/2023\/05\/packtransport-300x275.webp 300w, https:\/\/pzik.com\/wp-content\/uploads\/2023\/05\/packtransport-13x12.webp 13w, https:\/\/pzik.com\/wp-content\/uploads\/2023\/05\/packtransport-1x1.webp 1w, https:\/\/pzik.com\/wp-content\/uploads\/2023\/05\/packtransport-10x10.webp 10w\" sizes=\"auto, (max-width: 587px) 100vw, 587px\" \/>\t\t\t\t\t\t\t\t\t\t\t\t\t\t\t<\/div>\n\t\t\t\t\t<\/div>\n\t\t<\/div>\n\t\t\t\t\t<\/div>\n\t\t<\/section>\n\t\t\t\t<\/div>","protected":false},"excerpt":{"rendered":"<p>Price MOQ:1000Boxes EXW:EXW prices include only the seller&#8217;s goods price and exclude&#8230;<\/p>","protected":false},"featured_media":3920,"template":"","meta":[],"etheme_brands":[],"product_brand":[],"product_cat":[27],"product_tag":[],"class_list":{"0":"post-3918","1":"product","2":"type-product","3":"status-publish","4":"has-post-thumbnail","6":"product_cat-t-zone-care","8":"first","9":"instock","10":"shipping-taxable","11":"purchasable","12":"product-type-variable"},"_links":{"self":[{"href":"https:\/\/pzik.com\/vi\/wp-json\/wp\/v2\/product\/3918","targetHints":{"allow":["GET"]}}],"collection":[{"href":"https:\/\/pzik.com\/vi\/wp-json\/wp\/v2\/product"}],"about":[{"href":"https:\/\/pzik.com\/vi\/wp-json\/wp\/v2\/types\/product"}],"version-history":[{"count":4,"href":"https:\/\/pzik.com\/vi\/wp-json\/wp\/v2\/product\/3918\/revisions"}],"predecessor-version":[{"id":3926,"href":"https:\/\/pzik.com\/vi\/wp-json\/wp\/v2\/product\/3918\/revisions\/3926"}],"wp:featuredmedia":[{"embeddable":true,"href":"https:\/\/pzik.com\/vi\/wp-json\/wp\/v2\/media\/3920"}],"wp:attachment":[{"href":"https:\/\/pzik.com\/vi\/wp-json\/wp\/v2\/media?parent=3918"}],"wp:term":[{"taxonomy":"brand","embeddable":true,"href":"https:\/\/pzik.com\/vi\/wp-json\/wp\/v2\/etheme_brands?post=3918"},{"taxonomy":"product_brand","embeddable":true,"href":"https:\/\/pzik.com\/vi\/wp-json\/wp\/v2\/product_brand?post=3918"},{"taxonomy":"product_cat","embeddable":true,"href":"https:\/\/pzik.com\/vi\/wp-json\/wp\/v2\/product_cat?post=3918"},{"taxonomy":"product_tag","embeddable":true,"href":"https:\/\/pzik.com\/vi\/wp-json\/wp\/v2\/product_tag?post=3918"}],"curies":[{"name":"wp","href":"https:\/\/api.w.org\/{rel}","templated":true}]}}